{"id":9,"date":"2017-07-13T21:14:55","date_gmt":"2017-07-13T19:14:55","guid":{"rendered":"http:\/\/www.elektro-breitenbach.de\/?page_id=9"},"modified":"2024-06-29T10:27:24","modified_gmt":"2024-06-29T08:27:24","slug":"wir-ueber-uns","status":"publish","type":"page","link":"http:\/\/www.elektro-breitenbach.de\/index.php\/wir-ueber-uns\/","title":{"rendered":"Wir \u00fcber uns"},"content":{"rendered":"<h1>Wir \u00fcber uns<\/h1>\n<p align=\"justify\"><span style=\"font-family: Verdana; font-size: small;\">Unser Team\u00a0ist f\u00fcr Sie da,\u00a0wir verwirklichen Ihre Vorstellungen von\u00a0<strong><em>&#8222;A&#8220;<\/em><\/strong>\u00a0wie Antennenanlage bis\u00a0<strong><em>&#8222;Z&#8220;<\/em><\/strong>\u00a0wie Zentralsteuerung.<\/span><\/p>\n<p><img loading=\"lazy\" decoding=\"async\" class=\"alignnone  wp-image-333\" src=\"http:\/\/www.elektro-breitenbach.de\/wp-content\/uploads\/2024\/06\/electricity-meter-96863_1920-300x225.jpg\" alt=\"\" width=\"720\" height=\"540\" srcset=\"http:\/\/www.elektro-breitenbach.de\/wp-content\/uploads\/2024\/06\/electricity-meter-96863_1920-300x225.jpg 300w, http:\/\/www.elektro-breitenbach.de\/wp-content\/uploads\/2024\/06\/electricity-meter-96863_1920-1024x768.jpg 1024w, http:\/\/www.elektro-breitenbach.de\/wp-content\/uploads\/2024\/06\/electricity-meter-96863_1920-768x576.jpg 768w, http:\/\/www.elektro-breitenbach.de\/wp-content\/uploads\/2024\/06\/electricity-meter-96863_1920-1536x1152.jpg 1536w, http:\/\/www.elektro-breitenbach.de\/wp-content\/uploads\/2024\/06\/electricity-meter-96863_1920.jpg 1920w\" sizes=\"auto, (max-width: 720px) 100vw, 720px\" \/><\/p>\n<p>Wir sind ans\u00e4ssig im Herzen Offenbachs in der N\u00e4he von Messe und Capitol. Unser Einzugsgebiet ist das Rhein- Main- Gebiet mit den Schwerpunkten Offenbach, Frankfurt, M\u00fchlheim, Hanau, Hausen und Rodgau. Auf Wunsch auch \u00fcberregional.<\/p>\n<p>Was d\u00fcrfen wir f\u00fcr Sie tun ?<\/p>\n","protected":false},"excerpt":{"rendered":"<p>Wir \u00fcber uns Unser Team\u00a0ist f\u00fcr Sie da,\u00a0wir verwirklichen Ihre Vorstellungen von\u00a0&#8222;A&#8220;\u00a0wie Antennenanlage bis\u00a0&#8222;Z&#8220;\u00a0wie Zentralsteuerung. Wir sind ans\u00e4ssig im Herzen<\/p>\n","protected":false},"author":1,"featured_media":0,"parent":0,"menu_order":0,"comment_status":"closed","ping_status":"closed","template":"","meta":{"footnotes":""},"class_list":["post-9","page","type-page","status-publish","hentry"],"_links":{"self":[{"href":"http:\/\/www.elektro-breitenbach.de\/index.php\/wp-json\/wp\/v2\/pages\/9","targetHints":{"allow":["GET"]}}],"collection":[{"href":"http:\/\/www.elektro-breitenbach.de\/index.php\/wp-json\/wp\/v2\/pages"}],"about":[{"href":"http:\/\/www.elektro-breitenbach.de\/index.php\/wp-json\/wp\/v2\/types\/page"}],"author":[{"embeddable":true,"href":"http:\/\/www.elektro-breitenbach.de\/index.php\/wp-json\/wp\/v2\/users\/1"}],"replies":[{"embeddable":true,"href":"http:\/\/www.elektro-breitenbach.de\/index.php\/wp-json\/wp\/v2\/comments?post=9"}],"version-history":[{"count":4,"href":"http:\/\/www.elektro-breitenbach.de\/index.php\/wp-json\/wp\/v2\/pages\/9\/revisions"}],"predecessor-version":[{"id":334,"href":"http:\/\/www.elektro-breitenbach.de\/index.php\/wp-json\/wp\/v2\/pages\/9\/revisions\/334"}],"wp:attachment":[{"href":"http:\/\/www.elektro-breitenbach.de\/index.php\/wp-json\/wp\/v2\/media?parent=9"}],"curies":[{"name":"wp","href":"https:\/\/api.w.org\/{rel}","templated":true}]}}