{"id":46,"date":"2017-07-14T08:02:59","date_gmt":"2017-07-14T06:02:59","guid":{"rendered":"http:\/\/www.elektro-breitenbach.de\/?page_id=46"},"modified":"2017-09-06T15:17:31","modified_gmt":"2017-09-06T13:17:31","slug":"e-check","status":"publish","type":"page","link":"http:\/\/www.elektro-breitenbach.de\/index.php\/leistungsspektrum\/e-check\/","title":{"rendered":"E-Check"},"content":{"rendered":"<p><img loading=\"lazy\" decoding=\"async\" class=\"alignnone size-medium wp-image-93\" src=\"http:\/\/www.elektro-breitenbach.de\/wp-content\/uploads\/2017\/07\/echeck1-300x241.jpg\" alt=\"\" width=\"300\" height=\"241\" srcset=\"http:\/\/www.elektro-breitenbach.de\/wp-content\/uploads\/2017\/07\/echeck1-300x241.jpg 300w, http:\/\/www.elektro-breitenbach.de\/wp-content\/uploads\/2017\/07\/echeck1-768x618.jpg 768w, http:\/\/www.elektro-breitenbach.de\/wp-content\/uploads\/2017\/07\/echeck1-1024x824.jpg 1024w, http:\/\/www.elektro-breitenbach.de\/wp-content\/uploads\/2017\/07\/echeck1.jpg 1770w\" sizes=\"auto, (max-width: 300px) 100vw, 300px\" \/><\/p>\n<p>E-Check Dienstleistungen<br \/>\nWir f\u00fchren den E-Check in Privatwohnungen und Gewerbeobjekten durch. Wir f\u00fchren die Pr\u00fcfung Ihrer ortsver\u00e4nderlichen Betriebsmittel direkt vor Ort in Ihren R\u00e4umen aus.<br \/>\nWir beraten Sie \u00fcber Sicherheit, Energieeinsparung und Komfort.<\/p>\n<p>&nbsp;<\/p>\n<p>Der E-CHECK ist die anerkannte, normengerechte Pr\u00fcfung aller elektrischen Anlagen und Ger\u00e4te im Haus. Beim E-CHECK wird gepr\u00fcft, ob sich die Anlagen und Ger\u00e4te im ordnungsgem\u00e4\u00dfen Zustand im Sinne der jeweils geltenden VDE-Bestimmungen befinden. Ist dies der Fall, wird der einwandfreie Zustand durch die E-CHECK Pr\u00fcfplakette best\u00e4tigt. Der Zustand der Anlagen und Ger\u00e4te wird dar\u00fcber hinaus in einem detaillierten Pr\u00fcfprotokoll dokumentiert. Hier werden auch zu behebende M\u00e4ngel aufgezeichnet.<\/p>\n<p>Wozu gibt es den E-CHECK?<\/p>\n<p>Nobody\u2019s perfect! Das gilt nicht zuletzt auch f\u00fcr Elektroger\u00e4te und -installationen. \u00dcberholte Sicherungsverteiler, schlechte Kontakte und Isolationsfehler stellen zum einen kaum zu untersch\u00e4tzenden Risikofaktor f\u00fcr Ihre Gesundheit dar und sind zum anderen Ursache f\u00fcr \u00fcberfl\u00fcssige Kosten, die sich in Milliardenh\u00f6he belaufen.<\/p>\n<p>Was untersucht der E-CHECK?<\/p>\n<p>Gepr\u00fcft werden unter anderem: Elektroinstallationen, Schutzeinrichtungen wie Fehlerstromschutzschalter, Personenschutzautomaten, Schutzeinrichtungen in der Verteilung, etc. Au\u00dferdem ortsfeste elektrische Ger\u00e4te oder elektrobetriebene Maschinen wie z. B. Herde, Kopierer, Aktenvernichter, etc.<\/p>\n<p>Des weiteren Ger\u00e4te wie Computer, Drucker, Bildschirme, Kaffeemaschinen, TV, Hifi, Video. Aber auch Kontroll- und Sicherheitssysteme werden im Rahmen der E-CHECK Pr\u00fcfung kontrolliert. Ebenso Konferenztechnik und Pr\u00e4sentationstechnik. Dazu Arbeitsplatz-Beleuchtung, Schutzeinrichtungen f\u00fcr Blitzschlag und \u00dcberspannung.<\/p>\n<figure id=\"attachment_94\" aria-describedby=\"caption-attachment-94\" style=\"width: 300px\" class=\"wp-caption alignnone\"><img loading=\"lazy\" decoding=\"async\" class=\"size-medium wp-image-94\" src=\"http:\/\/www.elektro-breitenbach.de\/wp-content\/uploads\/2017\/07\/echeck2-300x240.jpg\" alt=\"\" width=\"300\" height=\"240\" srcset=\"http:\/\/www.elektro-breitenbach.de\/wp-content\/uploads\/2017\/07\/echeck2-300x240.jpg 300w, http:\/\/www.elektro-breitenbach.de\/wp-content\/uploads\/2017\/07\/echeck2-768x615.jpg 768w, http:\/\/www.elektro-breitenbach.de\/wp-content\/uploads\/2017\/07\/echeck2-1024x820.jpg 1024w\" sizes=\"auto, (max-width: 300px) 100vw, 300px\" \/><figcaption id=\"caption-attachment-94\" class=\"wp-caption-text\">NOR02263 B025<\/figcaption><\/figure>\n<p>&nbsp;<\/p>\n<p>Wer macht den E-CHECK?<\/p>\n<p>Der E-CHECK darf nur von geschulten Innungsfachbetrieben ausgef\u00fchrt werden. Die f\u00fcr Sie in Frage kommenden Betriebe finden Sie \u00fcber unsere Suchmaschine unter \u201eIhr E-CHECK Fachbetrieb&#8220;.<\/p>\n<p>Was kostet der E-CHECK?<\/p>\n<p>Die Kosten f\u00fcr den E-CHECK richten sich zum einen nach der Gr\u00f6\u00dfe Ihrer Anlage und der Anzahl der Ger\u00e4te. Zum anderen aber auch nach dem Umfang der Beratungsleistung im Rahmen des E-CHECK. Der E-CHECK bezieht sich generell nicht nur auf den Bereich Sicherheit. Im Rahmen der E-CHECK Pr\u00fcfung k\u00f6nnen Sie sich dar\u00fcber hinaus auch noch in den Bereichen Komfort und Energiesparen beraten lassen.<\/p>\n<p>F\u00fcr die genauen Kosten in Ihrem Fall fragen Sie am besten Ihren Elektromeister. Der macht Ihnen gerne ein konkretes Angebot. Sprechen Sie ihn darauf an. Sie sollten nicht wegen veralteter Anlagen und deren Schadenpotenzial unn\u00f6tig tief in Ihren Geldbeutel greifen m\u00fcssen.<\/p>\n<p>Wieso sollte ich jetzt den E-CHECK machen?<\/p>\n<p>Niemand kann von einem Elektroger\u00e4t erwarten, dass es ohne Instandhaltung ewig funktioniert. Keiner kann und keiner wird Ihnen das garantieren, denn was auf einen guten Wein zutrifft, gilt nicht f\u00fcr die Elektrotechnik: Sie wird mit dem Alter nicht besser. Schalten Sie unkalkulierbare Sicherheitsrisiken und hohe Folgekosten von Anfang an aus: Der E-CHECK ist die gepr\u00fcfte Sicherheit der Elektro-installation und Elektroger\u00e4te.<\/p>\n<p>Wie spare ich mit dem E-CHECK?<\/p>\n<p>Der E-CHECK erspart Ihnen unangenehme \u00dcberraschungen, denn Sie vermeiden hohe Reparaturkosten und k\u00f6nnen im Schadensfall den korrekten Zustand Ihrer Elektro-Anlage best\u00e4tigen. Bedenken Sie au\u00dferdem, dass Ihnen die Energieberatung des Elektromeisters, eine weitere Leistung des E-CHECK, bares Geld bringen kann. Denn Elektroger\u00e4te oder -leuchten der neuen Generation ben\u00f6tigen manchmal 30 &#8211; 50 % weniger Energie.<\/p>\n<p>Was sagen die Versicherungen zum E-CHECK?<\/p>\n<p>Der E-CHECK wird von immer mehr Versicherungen als das offiziell gepr\u00fcfte Dokument f\u00fcr Elektroinstallation anerkannt. Deshalb werden die E-CHECK Kunden gro\u00dfteils auch mit Pr\u00e4mienvorteilen bedacht, da das Risiko f\u00fcr Brandsch\u00e4den, Blitzschlag und \u00dcberspannung auf ein Minimum reduziert wird.<\/p>\n<p>Der E-CHECK bietet Ihnen also einen Vorsprung an Sicherheit, der sich in Ihren Versicherungspr\u00e4mien wiederfindet.<\/p>\n<p>&nbsp;<\/p>\n<p>Wird der E-CHECK vor Gericht anerkannt?<\/p>\n<p>Seit dem 1. Oktober 1997 sind auch Wohnungen und andere privat genutzte Geb\u00e4ude von der Pr\u00fcfpflicht nicht mehr ausgeschlossen. Zwar besteht mit dieser Novellierung f\u00fcr Privatkunden keine ausdr\u00fcckliche Rechtspflicht. Bei Schadensf\u00e4llen verweisen Gerichte aber auf Richtlinien, wie z.B. die VDE-Norm. Damit erlangt der E-CHECK nicht nur f\u00fcr den Mieter, sondern auch f\u00fcr Hausverwaltungen, Wohnungsbaugesellschaften, Wohnungseigent\u00fcmern und alle anderen Betriebe eine besondere Bedeutung. Da er die Einhaltung der geltenden technischen Vorschriften schwarz auf wei\u00df nachweist, sch\u00fctzt er vor unliebsamen \u00dcberraschungen. Im Ernstfall k\u00f6nnen so beispielsweise etwaige Schadensersatzanspr\u00fcche abgewiesen werden.<\/p>\n<p>Wo bekomme ich den E-CHECK?<\/p>\n<p>Fragen Sie ganz bequem unsere Suchmaschine unter \u201eIhr E-CHECK Fachbetrieb&#8220; nach dem E-CHECK Partner in Ihrer N\u00e4he.<\/p>\n<p>Was beweist mir, dass ich den E-CHECK gemacht habe?<\/p>\n<p>Im E-CHECK Pr\u00fcfprotokoll wird der Zustand der elektrischen Anlagen und Ger\u00e4te dokumentiert. Wenn alle Anlagen und Ger\u00e4te in ordnungsgem\u00e4\u00dfem Zustand sind, gibt es die offizielle E-CHECK Plakette. Das Pr\u00fcfprotokoll ist somit der Beweis, dass der E-CHECK gemacht wurde.<\/p>\n<p>Seit wann gibt es den E-CHECK?<\/p>\n<p>Der E-CHECK wurde 1996 von der ArGe Medien im ZVEH eingef\u00fchrt und erfreut sich seitdem immer gr\u00f6\u00dferer Beliebtheit.<\/p>\n<p>Wieso kostet es so viel, wenn man keinen E-CHECK macht?<\/p>\n<p>Jahr f\u00fcr Jahr entstehen Milliardensch\u00e4den z.B. durch veraltete Installationen und Sicherungsverteiler, schlechte Kontakte, Isolationsfehler und die Folgen von Blitzschlag und \u00dcberspannung. Etwa 2 Millionen Blitze gehen pro Jahr in Deutschland nieder. Die Zahl der dadurch verursachten Sch\u00e4den betr\u00e4gt 400 Millionen Euro \u2013 eine horrende und zugleich absurde Menge, wenn man bedenkt, dass die entstandenen Defekte an den elektronischen Anlagen nicht nur teuer, sondern vor allem vermeidbar sind!<\/p>\n<p>Welche Sicherheit bietet der E-CHECK?<\/p>\n<p>Wenn nichts zu beanstanden ist, so gibt der E-CHECK die Gewissheit, dass die gepr\u00fcfte Elektroinstallation und die gepr\u00fcften Elektroger\u00e4te allen Sicherheitsaspekten gen\u00fcgen. So sch\u00fctzt er im Regelfall gegen eventuelle Schadenersatzanspr\u00fcche der Versicherer. War nicht alles in Ordnung, so gibt der E-CHECK in jedem Fall die Gewissheit, dass alle Fehler aufgedeckt wurden. Sind diese Fehler, die aus dem E-CHECK Pr\u00fcfprotokoll hervorgehen, durch einen Fachmann behoben, so ist man ebenfalls wieder gegen eventuelle Schadenersatzanspr\u00fcche gesch\u00fctzt.<\/p>\n<p>Was bringt mir der E-CHECK im Schadensfall?<\/p>\n<p>Die erste Frage im Schadensfall ist, ob Ihre Elektroanlage in Ordnung war. Mit dem E-CHECK werden gef\u00e4hrliche M\u00e4ngel erkannt. Sind diese M\u00e4ngel behoben, sind Sie optimal gesch\u00fctzt gegen Stromschlag, \u00dcberlastung, \u00dcberspannung sowie gegen andere unangenehme \u00dcberraschungen. Sollte es dennoch zum Schadensfall kommen, k\u00f6nnen Sie Ihrer Versicherung den korrekten Zustand der Anlage belegen.<\/p>\n<p>Wie oft muss ich den E-CHECK machen lassen?<\/p>\n<p>Das h\u00e4ngt ganz davon ab, ob es sich um ortsfeste oder ortsver\u00e4nderliche Ger\u00e4te handelt. Im privaten Bereich sollten ortsfeste Anlagen alle 4 Jahre einer E-CHECK Pr\u00fcfung unterzogen werden. ortsver\u00e4nderliche Ger\u00e4te im Regelfall jedes Jahr. Dar\u00fcber hinaus gibt es aber auch noch eine Reihe von speziellen Regelungen f\u00fcr besonders beanspruchte Ger\u00e4te vor allem im gewerblichen Bereich.<\/p>\n<p>Am besten, Sie fragen Ihren E-CHECK Fachmann. Er wird Sie \u00fcber die f\u00fcr Ihre Anforderungen geltenden Pr\u00fcffristen informieren.<\/p>\n<p>Muss ich den E-CHECK auch machen, wenn keine Ver\u00e4nderungen vorgenommen wurden?<\/p>\n<p>Auch wenn Sie keine \u00c4nderungen an der Installation vorgenommen haben, sollten Sie trotzdem pr\u00fcfen lassen, ob Ihre Anlage noch immer den neuesten Sicherheitsbestimmungen entspricht &#8211; es geht um Ihre Sicherheit!<\/p>\n<p>Wie viele E-CHECK Partner gibt es?<\/p>\n<p>Der E-CHECK wird schon heute von einem Drittel der Elektrofachbetriebe angeboten und immer mehr Betriebe lassen sich von seinen au\u00dferordentlichen Leistungen \u00fcberzeugen. Au\u00dferdem stehen eine Reihe der renommiertesten Unternehmen der Industrie wie z.B. SIEMENS, PHILIPS oder OSRAM hinter dem E-CHECK und identifizieren sich \u00f6ffentlich mit diesem innovativen Produkt.<\/p>\n<p>K\u00fcmmert sich der E-CHECK auch um die Informations- und Kommunikationstechnik?<\/p>\n<p>Selbstverst\u00e4ndlich! Die E-CHECK Experten pr\u00fcfen nicht nur die Elektroinstallation, sondern die gesamte Kommunikationstechnik und alle elektrischen Ger\u00e4te im B\u00fcro auf ihren einwandfreien Zustand: vom PC bis zum Monitor, vom Telefax bis zur T\u00fcr\u00f6ffneranlage.<\/p>\n<p>Wie lange dauert der E-CHECK?<\/p>\n<p>Der Zeitaufwand f\u00fcr den E-CHECK richtet sich nach der Gr\u00f6\u00dfe bzw. der Anzahl der zu pr\u00fcfenden Ger\u00e4te. Daher kann die Dauer des E-CHECK zwischen wenigen Stunden und einigen Tagen variieren.<\/p>\n<p>Quelle: FEH \/ Arge Medien<\/p>\n<p>&nbsp;<\/p>\n","protected":false},"excerpt":{"rendered":"<p>E-Check Dienstleistungen Wir f\u00fchren den E-Check in Privatwohnungen und Gewerbeobjekten durch. Wir f\u00fchren die Pr\u00fcfung Ihrer ortsver\u00e4nderlichen Betriebsmittel direkt vor<\/p>\n","protected":false},"author":1,"featured_media":0,"parent":11,"menu_order":0,"comment_status":"closed","ping_status":"closed","template":"","meta":{"footnotes":""},"class_list":["post-46","page","type-page","status-publish","hentry"],"_links":{"self":[{"href":"http:\/\/www.elektro-breitenbach.de\/index.php\/wp-json\/wp\/v2\/pages\/46","targetHints":{"allow":["GET"]}}],"collection":[{"href":"http:\/\/www.elektro-breitenbach.de\/index.php\/wp-json\/wp\/v2\/pages"}],"about":[{"href":"http:\/\/www.elektro-breitenbach.de\/index.php\/wp-json\/wp\/v2\/types\/page"}],"author":[{"embeddable":true,"href":"http:\/\/www.elektro-breitenbach.de\/index.php\/wp-json\/wp\/v2\/users\/1"}],"replies":[{"embeddable":true,"href":"http:\/\/www.elektro-breitenbach.de\/index.php\/wp-json\/wp\/v2\/comments?post=46"}],"version-history":[{"count":4,"href":"http:\/\/www.elektro-breitenbach.de\/index.php\/wp-json\/wp\/v2\/pages\/46\/revisions"}],"predecessor-version":[{"id":95,"href":"http:\/\/www.elektro-breitenbach.de\/index.php\/wp-json\/wp\/v2\/pages\/46\/revisions\/95"}],"up":[{"embeddable":true,"href":"http:\/\/www.elektro-breitenbach.de\/index.php\/wp-json\/wp\/v2\/pages\/11"}],"wp:attachment":[{"href":"http:\/\/www.elektro-breitenbach.de\/index.php\/wp-json\/wp\/v2\/media?parent=46"}],"curies":[{"name":"wp","href":"https:\/\/api.w.org\/{rel}","templated":true}]}}