{"id":11,"date":"2017-07-13T21:15:18","date_gmt":"2017-07-13T19:15:18","guid":{"rendered":"http:\/\/www.elektro-breitenbach.de\/?page_id=11"},"modified":"2022-12-15T12:11:53","modified_gmt":"2022-12-15T11:11:53","slug":"leistungsspektrum","status":"publish","type":"page","link":"http:\/\/www.elektro-breitenbach.de\/index.php\/leistungsspektrum\/","title":{"rendered":"Leistungsspektrum"},"content":{"rendered":"<p>Hier finden Sie eine kurze Aufstellung unserer Leistungen. Wir geben Ihnen gerne auch telefonisch oder pers\u00f6nlich detaillierte Informationen \u00fcber unsere T\u00e4tigkeitsbereiche.<\/p>\n<p><span style=\"color: #ff0000;\"><em><strong>Elektro- Installationen<\/strong><\/em><\/span><\/p>\n<p><span style=\"color: #ff0000;\"><em><strong>Sanierung und Renovierung<\/strong><\/em><\/span><\/p>\n<p><span style=\"color: #ff0000;\"><em><strong>Umbau und Neubau<\/strong><\/em><\/span><\/p>\n<p><span style=\"color: #ff0000;\"><em><strong>Instandhaltung<\/strong><\/em><\/span><\/p>\n<p style=\"text-align: left;\"><span style=\"color: #ff0000;\"><em><strong>E- Mobilit\u00e4t<\/strong><\/em><\/span><\/p>\n<p style=\"text-align: left;\"><span style=\"color: #ff0000;\"><em><strong>Gepr\u00fcfte Fachkraft f\u00fcr Rauchwarnmelder nach DIN 14676 <\/strong><\/em><\/span><\/p>\n<p style=\"text-align: left;\"><span style=\"color: #ff0000;\"><em><strong>Sicherheitsbeleuchtung<\/strong><\/em><\/span><\/p>\n<p style=\"text-align: left;\"><span style=\"color: #ff0000;\"><em><strong>Reparaturen + Kundendienst<\/strong><\/em><\/span><\/p>\n<p style=\"text-align: left;\"><span style=\"color: #ff0000;\"><em><strong>E- Check Pr\u00fcfungen<\/strong><\/em><\/span><\/p>\n<p style=\"text-align: left;\"><span style=\"color: #ff0000;\"><em><strong>Planung<\/strong><\/em><\/span><\/p>\n<p style=\"text-align: left;\"><span style=\"color: #ff0000;\"><em><strong>Kleinger\u00e4te<\/strong><\/em><\/span><\/p>\n<p><img loading=\"lazy\" decoding=\"async\" class=\"alignnone size-medium wp-image-89\" src=\"http:\/\/www.elektro-breitenbach.de\/wp-content\/uploads\/2017\/07\/wc_83220-624DE_b1_1Jog_M-300x214.jpg\" alt=\"\" width=\"300\" height=\"214\" srcset=\"http:\/\/www.elektro-breitenbach.de\/wp-content\/uploads\/2017\/07\/wc_83220-624DE_b1_1Jog_M-300x214.jpg 300w, http:\/\/www.elektro-breitenbach.de\/wp-content\/uploads\/2017\/07\/wc_83220-624DE_b1_1Jog_M-768x548.jpg 768w, http:\/\/www.elektro-breitenbach.de\/wp-content\/uploads\/2017\/07\/wc_83220-624DE_b1_1Jog_M.jpg 794w\" sizes=\"auto, (max-width: 300px) 100vw, 300px\" \/><\/p>\n<p>Wir bieten Individuelle L\u00f6sungen !<\/p>\n","protected":false},"excerpt":{"rendered":"<p>Hier finden Sie eine kurze Aufstellung unserer Leistungen. Wir geben Ihnen gerne auch telefonisch oder pers\u00f6nlich detaillierte Informationen \u00fcber unsere<\/p>\n","protected":false},"author":1,"featured_media":0,"parent":0,"menu_order":0,"comment_status":"closed","ping_status":"closed","template":"","meta":{"footnotes":""},"class_list":["post-11","page","type-page","status-publish","hentry"],"_links":{"self":[{"href":"http:\/\/www.elektro-breitenbach.de\/index.php\/wp-json\/wp\/v2\/pages\/11","targetHints":{"allow":["GET"]}}],"collection":[{"href":"http:\/\/www.elektro-breitenbach.de\/index.php\/wp-json\/wp\/v2\/pages"}],"about":[{"href":"http:\/\/www.elektro-breitenbach.de\/index.php\/wp-json\/wp\/v2\/types\/page"}],"author":[{"embeddable":true,"href":"http:\/\/www.elektro-breitenbach.de\/index.php\/wp-json\/wp\/v2\/users\/1"}],"replies":[{"embeddable":true,"href":"http:\/\/www.elektro-breitenbach.de\/index.php\/wp-json\/wp\/v2\/comments?post=11"}],"version-history":[{"count":6,"href":"http:\/\/www.elektro-breitenbach.de\/index.php\/wp-json\/wp\/v2\/pages\/11\/revisions"}],"predecessor-version":[{"id":310,"href":"http:\/\/www.elektro-breitenbach.de\/index.php\/wp-json\/wp\/v2\/pages\/11\/revisions\/310"}],"wp:attachment":[{"href":"http:\/\/www.elektro-breitenbach.de\/index.php\/wp-json\/wp\/v2\/media?parent=11"}],"curies":[{"name":"wp","href":"https:\/\/api.w.org\/{rel}","templated":true}]}}